{"id":51,"date":"2013-07-17T20:02:58","date_gmt":"2013-07-17T18:02:58","guid":{"rendered":"http:\/\/bgraber.ch\/?page_id=51"},"modified":"2026-01-03T19:43:19","modified_gmt":"2026-01-03T17:43:19","slug":"unsere-tiere","status":"publish","type":"page","link":"https:\/\/www.bgraber.ch\/?page_id=51","title":{"rendered":"Unsere gemeinsamen Tiere"},"content":{"rendered":"\n<h2 class=\"wp-block-heading\">Windhunde<\/h2>\n\n\n\n<p><span style=\"font-size: medium;\"><strong>Windhunde<\/strong><\/span><strong><span style=\"font-size: medium;\"> <\/span><\/strong><strong><span style=\"font-size: medium;\">geh\u00f6rten schon immer zu unserer Familie und unserem Leben. <br>Die erste Zeit begleiteten uns Greyhounds. Danach eroberten italienische Windspiele unsere Herzen.<\/span><\/strong><\/p>\n\n\n\n<p><strong><span style=\"font-size: medium;\">Amadeus, unser drittes Italienische Windspiel, erfreute unser Leben von Oktober 2010 bis Juli 2025<\/span><\/strong><span style=\"font-size: medium;\"><strong>&nbsp;<br><\/strong>Amadeus stammt aus dem Zwinger, de la Maison des Neiges, Kathrin Baumgartner, \u00d6sterreich<\/span><br><span style=\"font-size: medium;\">Vater; Moody Blue el Aakash Mutter; Armida Della Casa Di Scorpio<\/span><\/p>\n\n\n\n<figure class=\"wp-block-gallery has-nested-images columns-default is-cropped wp-block-gallery-1 is-layout-flex wp-block-gallery-is-layout-flex\">\n<figure class=\"wp-block-image size-large\"><a href=\"https:\/\/www.bgraber.ch\/wp-content\/uploads\/2025\/10\/25-Brigitte-Amadeus-scaled.jpeg\"><img loading=\"lazy\" decoding=\"async\" width=\"1804\" height=\"2560\" data-id=\"913\" src=\"https:\/\/www.bgraber.ch\/wp-content\/uploads\/2025\/10\/25-Brigitte-Amadeus-scaled.jpeg\" alt=\"\" class=\"wp-image-913\" srcset=\"https:\/\/www.bgraber.ch\/wp-content\/uploads\/2025\/10\/25-Brigitte-Amadeus-scaled.jpeg 1804w, https:\/\/www.bgraber.ch\/wp-content\/uploads\/2025\/10\/25-Brigitte-Amadeus-211x300.jpeg 211w\" sizes=\"auto, (max-width: 1804px) 100vw, 1804px\" \/><\/a><\/figure>\n\n\n\n<figure class=\"wp-block-image size-large\"><a href=\"https:\/\/www.bgraber.ch\/wp-content\/uploads\/2025\/12\/IMG_7387-1.jpg\"><img loading=\"lazy\" decoding=\"async\" width=\"785\" height=\"1024\" data-id=\"1060\" src=\"https:\/\/www.bgraber.ch\/wp-content\/uploads\/2025\/12\/IMG_7387-1-785x1024.jpg\" alt=\"\" class=\"wp-image-1060\" srcset=\"https:\/\/www.bgraber.ch\/wp-content\/uploads\/2025\/12\/IMG_7387-1-785x1024.jpg 785w, https:\/\/www.bgraber.ch\/wp-content\/uploads\/2025\/12\/IMG_7387-1-230x300.jpg 230w, https:\/\/www.bgraber.ch\/wp-content\/uploads\/2025\/12\/IMG_7387-1-768x1001.jpg 768w, https:\/\/www.bgraber.ch\/wp-content\/uploads\/2025\/12\/IMG_7387-1-1178x1536.jpg 1178w, https:\/\/www.bgraber.ch\/wp-content\/uploads\/2025\/12\/IMG_7387-1-767x1000.jpg 767w, https:\/\/www.bgraber.ch\/wp-content\/uploads\/2025\/12\/IMG_7387-1.jpg 1290w\" sizes=\"auto, (max-width: 785px) 100vw, 785px\" \/><\/a><\/figure>\n\n\n\n<figure class=\"wp-block-image size-large\"><a href=\"https:\/\/www.bgraber.ch\/wp-content\/uploads\/2026\/01\/25-Amadeus-liegend.jpg\"><img loading=\"lazy\" decoding=\"async\" width=\"683\" height=\"1024\" data-id=\"1462\" src=\"https:\/\/www.bgraber.ch\/wp-content\/uploads\/2026\/01\/25-Amadeus-liegend-683x1024.jpg\" alt=\"\" class=\"wp-image-1462\" srcset=\"https:\/\/www.bgraber.ch\/wp-content\/uploads\/2026\/01\/25-Amadeus-liegend-683x1024.jpg 683w, https:\/\/www.bgraber.ch\/wp-content\/uploads\/2026\/01\/25-Amadeus-liegend-200x300.jpg 200w, https:\/\/www.bgraber.ch\/wp-content\/uploads\/2026\/01\/25-Amadeus-liegend-768x1152.jpg 768w, https:\/\/www.bgraber.ch\/wp-content\/uploads\/2026\/01\/25-Amadeus-liegend-667x1000.jpg 667w, https:\/\/www.bgraber.ch\/wp-content\/uploads\/2026\/01\/25-Amadeus-liegend.jpg 864w\" sizes=\"auto, (max-width: 683px) 100vw, 683px\" \/><\/a><\/figure>\n<\/figure>\n\n\n\n<p><strong><span style=\"font-size: medium;\">Sethi, unser zweites Italienisches Windspiel,  begleitet uns von Mai 2002 bis August 2010<br>Mit ihm habe wir das fast Unm\u00f6gliche geschafft die BH1-Pr\u00fcfung (siehe Bericht)<\/span><\/strong> <a href=\"http:\/\/bgraber.ch\/wp-content\/uploads\/2015\/06\/Bericht-BH-Pr\u00fcfung-mit-Sethi.pdf\">Bericht-BH-Pr\u00fcfung-mit-Sethi<\/a><\/p>\n\n\n\n<figure class=\"wp-block-gallery has-nested-images columns-default is-cropped wp-block-gallery-2 is-layout-flex wp-block-gallery-is-layout-flex\">\n<figure class=\"wp-block-image size-large\"><a href=\"https:\/\/www.bgraber.ch\/wp-content\/uploads\/2025\/12\/Napf-3.-Mai-03-017.jpg\"><img loading=\"lazy\" decoding=\"async\" width=\"462\" height=\"376\" data-id=\"1054\" src=\"https:\/\/www.bgraber.ch\/wp-content\/uploads\/2025\/12\/Napf-3.-Mai-03-017.jpg\" alt=\"\" class=\"wp-image-1054\" srcset=\"https:\/\/www.bgraber.ch\/wp-content\/uploads\/2025\/12\/Napf-3.-Mai-03-017.jpg 462w, https:\/\/www.bgraber.ch\/wp-content\/uploads\/2025\/12\/Napf-3.-Mai-03-017-300x244.jpg 300w\" sizes=\"auto, (max-width: 462px) 100vw, 462px\" \/><\/a><\/figure>\n\n\n\n<figure class=\"wp-block-image size-large\"><a href=\"https:\/\/www.bgraber.ch\/wp-content\/uploads\/2026\/01\/Sethi-Ausb.-10.05-26-scaled-e1767455537258.jpg\"><img loading=\"lazy\" decoding=\"async\" width=\"681\" height=\"1024\" data-id=\"1458\" src=\"https:\/\/www.bgraber.ch\/wp-content\/uploads\/2026\/01\/Sethi-Ausb.-10.05-26-681x1024.jpg\" alt=\"\" class=\"wp-image-1458\"\/><\/a><\/figure>\n<\/figure>\n\n\n\n<p><strong><span style=\"font-size: medium;\">Mauricio, unser erstes Italienisches Windspiel, war von Februar 1992 bis Oktober 2001 bei uns<\/span><\/strong><\/p>\n\n\n\n<figure class=\"wp-block-gallery has-nested-images columns-default is-cropped wp-block-gallery-3 is-layout-flex wp-block-gallery-is-layout-flex\">\n<figure class=\"wp-block-image size-large\"><a href=\"https:\/\/www.bgraber.ch\/wp-content\/uploads\/2026\/01\/25-Mauricio-m-Brigitte-e1767456214560.jpg\"><img loading=\"lazy\" decoding=\"async\" width=\"939\" height=\"1024\" data-id=\"1460\" src=\"https:\/\/www.bgraber.ch\/wp-content\/uploads\/2026\/01\/25-Mauricio-m-Brigitte-939x1024.jpg\" alt=\"\" class=\"wp-image-1460\"\/><\/a><\/figure>\n\n\n\n<figure class=\"wp-block-image size-large\"><a href=\"https:\/\/www.bgraber.ch\/wp-content\/uploads\/2025\/12\/Maurizio-1992-3.jpg\"><img loading=\"lazy\" decoding=\"async\" width=\"574\" height=\"461\" data-id=\"1053\" src=\"https:\/\/www.bgraber.ch\/wp-content\/uploads\/2025\/12\/Maurizio-1992-3.jpg\" alt=\"\" class=\"wp-image-1053\" srcset=\"https:\/\/www.bgraber.ch\/wp-content\/uploads\/2025\/12\/Maurizio-1992-3.jpg 574w, https:\/\/www.bgraber.ch\/wp-content\/uploads\/2025\/12\/Maurizio-1992-3-300x241.jpg 300w\" sizes=\"auto, (max-width: 574px) 100vw, 574px\" \/><\/a><\/figure>\n<\/figure>\n\n\n\n<p><strong>&nbsp;Unser zweiter Greyhound, Cindy &#8222;Schn\u00e4ggli&#8220;, aus zweiter Hand<\/strong><\/p>\n\n\n\n<figure class=\"wp-block-gallery has-nested-images columns-default is-cropped wp-block-gallery-4 is-layout-flex wp-block-gallery-is-layout-flex\">\n<figure class=\"wp-block-image size-large\"><a href=\"https:\/\/www.bgraber.ch\/wp-content\/uploads\/2025\/12\/IMG_8574-e1767105429316.jpeg\"><img loading=\"lazy\" decoding=\"async\" width=\"942\" height=\"1024\" data-id=\"1346\" src=\"https:\/\/www.bgraber.ch\/wp-content\/uploads\/2025\/12\/IMG_8574-942x1024.jpeg\" alt=\"\" class=\"wp-image-1346\"\/><\/a><\/figure>\n\n\n\n<figure class=\"wp-block-image size-large\"><a href=\"https:\/\/www.bgraber.ch\/wp-content\/uploads\/2025\/12\/Sandfarben-e1767105484405.webp\"><img loading=\"lazy\" decoding=\"async\" width=\"827\" height=\"800\" data-id=\"1347\" src=\"https:\/\/www.bgraber.ch\/wp-content\/uploads\/2025\/12\/Sandfarben-e1767105484405.webp\" alt=\"\" class=\"wp-image-1347\" srcset=\"https:\/\/www.bgraber.ch\/wp-content\/uploads\/2025\/12\/Sandfarben-e1767105484405.webp 827w, https:\/\/www.bgraber.ch\/wp-content\/uploads\/2025\/12\/Sandfarben-e1767105484405-300x290.webp 300w, https:\/\/www.bgraber.ch\/wp-content\/uploads\/2025\/12\/Sandfarben-e1767105484405-768x743.webp 768w\" sizes=\"auto, (max-width: 827px) 100vw, 827px\" \/><\/a><\/figure>\n<\/figure>\n\n\n\n<p><strong><span style=\"font-size: medium;\">Unser erster Windhund, Danja von Querida &#8222;Sqougi&#8220;, ein \u00e4lterer <\/span><\/strong><font size=\"3\"><b>Greyhound<\/b><\/font><\/p>\n\n\n\n<figure class=\"wp-block-gallery has-nested-images columns-default is-cropped wp-block-gallery-5 is-layout-flex wp-block-gallery-is-layout-flex\">\n<figure class=\"wp-block-image size-large\"><a href=\"https:\/\/www.bgraber.ch\/wp-content\/uploads\/2025\/12\/IMG_4785-scaled-e1767105397496.jpg\"><img loading=\"lazy\" decoding=\"async\" width=\"1024\" height=\"703\" data-id=\"1345\" src=\"https:\/\/www.bgraber.ch\/wp-content\/uploads\/2025\/12\/IMG_4785-1024x703.jpg\" alt=\"\" class=\"wp-image-1345\"\/><\/a><\/figure>\n\n\n\n<figure class=\"wp-block-image size-large\"><a href=\"https:\/\/www.bgraber.ch\/wp-content\/uploads\/2025\/12\/Gestromt--e1767106209181.webp\"><img loading=\"lazy\" decoding=\"async\" width=\"1024\" height=\"692\" data-id=\"1344\" src=\"https:\/\/www.bgraber.ch\/wp-content\/uploads\/2025\/12\/Gestromt--e1767106197425-1024x692.webp\" alt=\"\" class=\"wp-image-1344\"\/><\/a><\/figure>\n<\/figure>\n\n\n\n<p><\/p>\n\n\n\n<p> <strong>ngg_shortcode_0_placeholder<\/strong><\/p>\n\n\n\n<p><\/p>\n\n\n\n<h2 class=\"wp-block-heading\">Griechische Landschildkr\u00f6ten<\/h2>\n\n\n\n<p><span style=\"font-size: medium;\"><strong>Griechische Landschildkr\u00f6ten<\/strong> leben schon seit 1985 in unserem Gehege.<\/span><br><span style=\"font-size: medium;\">Viele Jahre erfreuten wir uns \u00fcber Nachzucht. Seit 2005 br\u00fcten wir keine Eier mehr aus und haben die m\u00e4nnlichen und weiblichen Exemplare in getrennten Gehegen.<\/span><\/p>\n\n\n\n<figure class=\"wp-block-gallery has-nested-images columns-default is-cropped wp-block-gallery-6 is-layout-flex wp-block-gallery-is-layout-flex\">\n<figure class=\"wp-block-image size-large\"><a href=\"https:\/\/www.bgraber.ch\/wp-content\/uploads\/2025\/12\/2022.05.13-scaled-e1767086813637.jpeg\"><img loading=\"lazy\" decoding=\"async\" width=\"768\" height=\"1024\" data-id=\"1332\" src=\"https:\/\/www.bgraber.ch\/wp-content\/uploads\/2025\/12\/2022.05.13-768x1024.jpeg\" alt=\"\" class=\"wp-image-1332\"\/><\/a><\/figure>\n\n\n\n<figure class=\"wp-block-image size-large\"><a href=\"https:\/\/www.bgraber.ch\/wp-content\/uploads\/2025\/12\/Einwintern-2021.11.16-scaled-e1767086657364.jpeg\"><img loading=\"lazy\" decoding=\"async\" width=\"1024\" height=\"869\" data-id=\"1335\" src=\"https:\/\/www.bgraber.ch\/wp-content\/uploads\/2025\/12\/Einwintern-2021.11.16-scaled-e1767086643985-1024x869.jpeg\" alt=\"\" class=\"wp-image-1335\"\/><\/a><\/figure>\n<\/figure>\n\n\n\n<figure class=\"wp-block-gallery has-nested-images columns-default is-cropped wp-block-gallery-7 is-layout-flex wp-block-gallery-is-layout-flex\">\n<figure class=\"wp-block-image size-large\"><a href=\"https:\/\/www.bgraber.ch\/wp-content\/uploads\/2025\/12\/3.8.13-3-e1767087316505.jpg\"><img loading=\"lazy\" decoding=\"async\" width=\"1024\" height=\"768\" data-id=\"1339\" src=\"https:\/\/www.bgraber.ch\/wp-content\/uploads\/2025\/12\/3.8.13-3-e1767087304361-1024x768.jpg\" alt=\"\" class=\"wp-image-1339\"\/><\/a><\/figure>\n\n\n\n<figure class=\"wp-block-image size-large\"><a href=\"https:\/\/www.bgraber.ch\/wp-content\/uploads\/2025\/12\/3.8.13-9-e1767087188779.jpg\"><img loading=\"lazy\" decoding=\"async\" width=\"1024\" height=\"793\" data-id=\"1327\" src=\"https:\/\/www.bgraber.ch\/wp-content\/uploads\/2025\/12\/3.8.13-9-e1767087176725-1024x793.jpg\" alt=\"\" class=\"wp-image-1327\"\/><\/a><\/figure>\n<\/figure>\n\n\n\n<figure class=\"wp-block-gallery has-nested-images columns-default is-cropped wp-block-gallery-8 is-layout-flex wp-block-gallery-is-layout-flex\">\n<figure class=\"wp-block-image size-large\"><a href=\"https:\/\/www.bgraber.ch\/wp-content\/uploads\/2025\/12\/P6180006-e1767086578381.jpg\"><img loading=\"lazy\" decoding=\"async\" width=\"900\" height=\"675\" data-id=\"1337\" src=\"https:\/\/www.bgraber.ch\/wp-content\/uploads\/2025\/12\/P6180006-e1767086578381.jpg\" alt=\"\" class=\"wp-image-1337\"\/><\/a><\/figure>\n\n\n\n<figure class=\"wp-block-image size-large\"><a href=\"https:\/\/www.bgraber.ch\/wp-content\/uploads\/2025\/12\/Nachzucht-13.7.05-002-e1767086541408.jpg\"><img loading=\"lazy\" decoding=\"async\" width=\"900\" height=\"675\" data-id=\"1338\" src=\"https:\/\/www.bgraber.ch\/wp-content\/uploads\/2025\/12\/Nachzucht-13.7.05-002-e1767086541408.jpg\" alt=\"\" class=\"wp-image-1338\"\/><\/a><\/figure>\n<\/figure>\n\n\n\n<figure class=\"wp-block-gallery has-nested-images columns-default is-cropped wp-block-gallery-9 is-layout-flex wp-block-gallery-is-layout-flex\">\n<figure class=\"wp-block-image size-large\"><a href=\"https:\/\/www.bgraber.ch\/wp-content\/uploads\/2025\/12\/30.3.2019-scaled-e1767086845457.jpg\"><img loading=\"lazy\" decoding=\"async\" width=\"768\" height=\"1024\" data-id=\"1331\" src=\"https:\/\/www.bgraber.ch\/wp-content\/uploads\/2025\/12\/30.3.2019-768x1024.jpg\" alt=\"\" class=\"wp-image-1331\"\/><\/a><\/figure>\n\n\n\n<figure class=\"wp-block-image size-large\"><a href=\"https:\/\/www.bgraber.ch\/wp-content\/uploads\/2025\/12\/Einwintern-16.10.2020-scaled-e1767086727915.jpeg\"><img loading=\"lazy\" decoding=\"async\" width=\"1024\" height=\"768\" data-id=\"1334\" src=\"https:\/\/www.bgraber.ch\/wp-content\/uploads\/2025\/12\/Einwintern-16.10.2020-1024x768.jpeg\" alt=\"\" class=\"wp-image-1334\"\/><\/a><\/figure>\n<\/figure>\n\n\n\n<h2 class=\"wp-block-heading\">Katzen und &#8230;<\/h2>\n\n\n\n<figure class=\"wp-block-gallery has-nested-images columns-default is-cropped wp-block-gallery-10 is-layout-flex wp-block-gallery-is-layout-flex\">\n<figure class=\"wp-block-image size-large\"><a href=\"https:\/\/www.bgraber.ch\/wp-content\/uploads\/2025\/12\/Cindy.jpg\"><img loading=\"lazy\" decoding=\"async\" width=\"732\" height=\"734\" data-id=\"1364\" src=\"https:\/\/www.bgraber.ch\/wp-content\/uploads\/2025\/12\/Cindy.jpg\" alt=\"\" class=\"wp-image-1364\" srcset=\"https:\/\/www.bgraber.ch\/wp-content\/uploads\/2025\/12\/Cindy.jpg 732w, https:\/\/www.bgraber.ch\/wp-content\/uploads\/2025\/12\/Cindy-300x300.jpg 300w, https:\/\/www.bgraber.ch\/wp-content\/uploads\/2025\/12\/Cindy-150x150.jpg 150w\" sizes=\"auto, (max-width: 732px) 100vw, 732px\" \/><\/a><\/figure>\n\n\n\n<figure class=\"wp-block-image size-large\"><a href=\"https:\/\/www.bgraber.ch\/wp-content\/uploads\/2025\/12\/Katze-8.06-078.jpg\"><img loading=\"lazy\" decoding=\"async\" width=\"1024\" height=\"758\" data-id=\"1363\" src=\"https:\/\/www.bgraber.ch\/wp-content\/uploads\/2025\/12\/Katze-8.06-078-1024x758.jpg\" alt=\"\" class=\"wp-image-1363\" srcset=\"https:\/\/www.bgraber.ch\/wp-content\/uploads\/2025\/12\/Katze-8.06-078-1024x758.jpg 1024w, https:\/\/www.bgraber.ch\/wp-content\/uploads\/2025\/12\/Katze-8.06-078-300x222.jpg 300w, https:\/\/www.bgraber.ch\/wp-content\/uploads\/2025\/12\/Katze-8.06-078-768x568.jpg 768w, https:\/\/www.bgraber.ch\/wp-content\/uploads\/2025\/12\/Katze-8.06-078-1351x1000.jpg 1351w, https:\/\/www.bgraber.ch\/wp-content\/uploads\/2025\/12\/Katze-8.06-078.jpg 1469w\" sizes=\"auto, (max-width: 1024px) 100vw, 1024px\" \/><\/a><\/figure>\n\n\n\n<figure class=\"wp-block-image size-large\"><a href=\"https:\/\/www.bgraber.ch\/wp-content\/uploads\/2025\/12\/Cyndi-3.jpg\"><img loading=\"lazy\" decoding=\"async\" width=\"301\" height=\"280\" data-id=\"1362\" src=\"https:\/\/www.bgraber.ch\/wp-content\/uploads\/2025\/12\/Cyndi-3.jpg\" alt=\"\" class=\"wp-image-1362\"\/><\/a><\/figure>\n<\/figure>\n\n\n\n<figure class=\"wp-block-gallery has-nested-images columns-default is-cropped wp-block-gallery-11 is-layout-flex wp-block-gallery-is-layout-flex\">\n<figure class=\"wp-block-image size-large\"><a href=\"https:\/\/www.bgraber.ch\/wp-content\/uploads\/2025\/12\/Sqougi-m-Kinder-u-Katze-e1767125217866.jpg\"><img loading=\"lazy\" decoding=\"async\" width=\"764\" height=\"1024\" data-id=\"1360\" src=\"https:\/\/www.bgraber.ch\/wp-content\/uploads\/2025\/12\/Sqougi-m-Kinder-u-Katze-764x1024.jpg\" alt=\"\" class=\"wp-image-1360\"\/><\/a><\/figure>\n\n\n\n<figure class=\"wp-block-image size-large\"><a href=\"https:\/\/www.bgraber.ch\/wp-content\/uploads\/2025\/12\/Sqougi-u-Cornelia-e1767125198213.jpg\"><img loading=\"lazy\" decoding=\"async\" width=\"1024\" height=\"1014\" data-id=\"1361\" src=\"https:\/\/www.bgraber.ch\/wp-content\/uploads\/2025\/12\/Sqougi-u-Cornelia-1024x1014.jpg\" alt=\"\" class=\"wp-image-1361\"\/><\/a><\/figure>\n<\/figure>\n\n\n\n<figure class=\"wp-block-gallery has-nested-images columns-default is-cropped wp-block-gallery-12 is-layout-flex wp-block-gallery-is-layout-flex\">\n<figure class=\"wp-block-image size-large\"><a href=\"https:\/\/www.bgraber.ch\/wp-content\/uploads\/2025\/12\/Schlangen-mit-Kinder-e1767125243497.jpg\"><img loading=\"lazy\" decoding=\"async\" width=\"1024\" height=\"855\" data-id=\"1358\" src=\"https:\/\/www.bgraber.ch\/wp-content\/uploads\/2025\/12\/Schlangen-mit-Kinder-1024x855.jpg\" alt=\"\" class=\"wp-image-1358\"\/><\/a><\/figure>\n<\/figure>\n\n\n\n<p> <strong>ngg_shortcode_1_placeholder<\/strong><\/p>\n\n\n\n<p>&nbsp;<\/p>\n\n\n\n<p>&nbsp;<\/p>\n\n\n\n<p>&nbsp;<\/p>\n\n\n\n<p>&nbsp;<\/p>\n\n\n\n<p>&nbsp;<\/p>\n\n\n\n<p>&nbsp;<\/p>\n\n\n\n<p>&nbsp;<\/p>\n\n\n\n<p>&nbsp;<\/p>\n\n\n\n<p>&nbsp;<\/p>\n\n\n\n<p>&nbsp;<\/p>\n\n\n\n<p>&nbsp;<\/p>\n\n\n\n<p>&nbsp;<\/p>\n\n\n\n<p>&nbsp;<\/p>\n\n\n\n<p>&nbsp;<\/p>\n\n\n\n<p>&nbsp;<\/p>\n\n\n\n<p><\/p>\n","protected":false},"excerpt":{"rendered":"<p>Windhunde Windhunde geh\u00f6rten schon immer zu unserer Familie und unserem Leben. Die erste Zeit begleiteten uns Greyhounds. Danach eroberten italienische Windspiele unsere Herzen. [&hellip;]<\/p>\n","protected":false},"author":1,"featured_media":0,"parent":12,"menu_order":0,"comment_status":"open","ping_status":"open","template":"page-fullwidth","meta":{"ngg_post_thumbnail":0,"footnotes":""},"class_list":["post-51","page","type-page","status-publish","hentry"],"_links":{"self":[{"href":"https:\/\/www.bgraber.ch\/index.php?rest_route=\/wp\/v2\/pages\/51","targetHints":{"allow":["GET"]}}],"collection":[{"href":"https:\/\/www.bgraber.ch\/index.php?rest_route=\/wp\/v2\/pages"}],"about":[{"href":"https:\/\/www.bgraber.ch\/index.php?rest_route=\/wp\/v2\/types\/page"}],"author":[{"embeddable":true,"href":"https:\/\/www.bgraber.ch\/index.php?rest_route=\/wp\/v2\/users\/1"}],"replies":[{"embeddable":true,"href":"https:\/\/www.bgraber.ch\/index.php?rest_route=%2Fwp%2Fv2%2Fcomments&post=51"}],"version-history":[{"count":45,"href":"https:\/\/www.bgraber.ch\/index.php?rest_route=\/wp\/v2\/pages\/51\/revisions"}],"predecessor-version":[{"id":1466,"href":"https:\/\/www.bgraber.ch\/index.php?rest_route=\/wp\/v2\/pages\/51\/revisions\/1466"}],"up":[{"embeddable":true,"href":"https:\/\/www.bgraber.ch\/index.php?rest_route=\/wp\/v2\/pages\/12"}],"wp:attachment":[{"href":"https:\/\/www.bgraber.ch\/index.php?rest_route=%2Fwp%2Fv2%2Fmedia&parent=51"}],"curies":[{"name":"wp","href":"https:\/\/api.w.org\/{rel}","templated":true}]}}